{"id":3473,"date":"2025-02-11T19:25:39","date_gmt":"2025-02-11T19:25:39","guid":{"rendered":"https:\/\/ecocleanautos.com\/?post_type=product&#038;p=3473"},"modified":"2026-01-06T21:18:27","modified_gmt":"2026-01-06T21:18:27","slug":"lavado-sencillo-lavado-de-cojineria-2","status":"publish","type":"product","link":"https:\/\/ecocleanautos.com\/?product=lavado-sencillo-lavado-de-cojineria-2","title":{"rendered":"Lavado Sencillo + lavado de cojiner\u00eda en Camioneta"},"content":{"rendered":"<p>Lavado de Cojiner\u00eda con Vapor \u2192 Tecnolog\u00eda de extracci\u00f3n a vapor para una limpieza profunda sin da\u00f1ar las fibras.<\/p>\n","protected":false},"excerpt":{"rendered":"<p>Lavado de Cojiner\u00eda con Vapor \u2192 Tecnolog\u00eda de extracci\u00f3n a vapor para una limpieza profunda sin<br \/>\nda\u00f1ar las fibras.<\/p>\n","protected":false},"featured_media":3513,"comment_status":"open","ping_status":"closed","template":"","meta":[],"product_brand":[],"product_cat":[161,158],"product_tag":[],"class_list":{"0":"post-3473","1":"product","2":"type-product","3":"status-publish","4":"has-post-thumbnail","6":"product_cat-basico","7":"product_cat-camioneta","9":"first","10":"instock","11":"shipping-taxable","12":"purchasable","13":"product-type-simple"},"_links":{"self":[{"href":"https:\/\/ecocleanautos.com\/index.php?rest_route=\/wp\/v2\/product\/3473","targetHints":{"allow":["GET"]}}],"collection":[{"href":"https:\/\/ecocleanautos.com\/index.php?rest_route=\/wp\/v2\/product"}],"about":[{"href":"https:\/\/ecocleanautos.com\/index.php?rest_route=\/wp\/v2\/types\/product"}],"replies":[{"embeddable":true,"href":"https:\/\/ecocleanautos.com\/index.php?rest_route=%2Fwp%2Fv2%2Fcomments&post=3473"}],"wp:featuredmedia":[{"embeddable":true,"href":"https:\/\/ecocleanautos.com\/index.php?rest_route=\/wp\/v2\/media\/3513"}],"wp:attachment":[{"href":"https:\/\/ecocleanautos.com\/index.php?rest_route=%2Fwp%2Fv2%2Fmedia&parent=3473"}],"wp:term":[{"taxonomy":"product_brand","embeddable":true,"href":"https:\/\/ecocleanautos.com\/index.php?rest_route=%2Fwp%2Fv2%2Fproduct_brand&post=3473"},{"taxonomy":"product_cat","embeddable":true,"href":"https:\/\/ecocleanautos.com\/index.php?rest_route=%2Fwp%2Fv2%2Fproduct_cat&post=3473"},{"taxonomy":"product_tag","embeddable":true,"href":"https:\/\/ecocleanautos.com\/index.php?rest_route=%2Fwp%2Fv2%2Fproduct_tag&post=3473"}],"curies":[{"name":"wp","href":"https:\/\/api.w.org\/{rel}","templated":true}]}}