{"id":3475,"date":"2025-02-11T19:35:01","date_gmt":"2025-02-11T19:35:01","guid":{"rendered":"https:\/\/ecocleanautos.com\/?post_type=product&#038;p=3475"},"modified":"2026-01-06T20:19:33","modified_gmt":"2026-01-06T20:19:33","slug":"alto-brillo-2","status":"publish","type":"product","link":"https:\/\/ecocleanautos.com\/?product=alto-brillo-2","title":{"rendered":"Alto Brillo para Autom\u00f3vil"},"content":{"rendered":"<p>Desfogueo, restauraci\u00f3n de partes negras, alto brillo con m\u00e1quina<\/p>\n","protected":false},"excerpt":{"rendered":"<p>Desfogueo, restauraci\u00f3n de partes negras, alto brillo con m\u00e1quina<\/p>\n","protected":false},"featured_media":3515,"comment_status":"open","ping_status":"closed","template":"","meta":[],"product_brand":[],"product_cat":[159,161],"product_tag":[],"class_list":{"0":"post-3475","1":"product","2":"type-product","3":"status-publish","4":"has-post-thumbnail","6":"product_cat-automovil","7":"product_cat-basico","9":"first","10":"instock","11":"shipping-taxable","12":"purchasable","13":"product-type-simple"},"_links":{"self":[{"href":"https:\/\/ecocleanautos.com\/index.php?rest_route=\/wp\/v2\/product\/3475","targetHints":{"allow":["GET"]}}],"collection":[{"href":"https:\/\/ecocleanautos.com\/index.php?rest_route=\/wp\/v2\/product"}],"about":[{"href":"https:\/\/ecocleanautos.com\/index.php?rest_route=\/wp\/v2\/types\/product"}],"replies":[{"embeddable":true,"href":"https:\/\/ecocleanautos.com\/index.php?rest_route=%2Fwp%2Fv2%2Fcomments&post=3475"}],"wp:featuredmedia":[{"embeddable":true,"href":"https:\/\/ecocleanautos.com\/index.php?rest_route=\/wp\/v2\/media\/3515"}],"wp:attachment":[{"href":"https:\/\/ecocleanautos.com\/index.php?rest_route=%2Fwp%2Fv2%2Fmedia&parent=3475"}],"wp:term":[{"taxonomy":"product_brand","embeddable":true,"href":"https:\/\/ecocleanautos.com\/index.php?rest_route=%2Fwp%2Fv2%2Fproduct_brand&post=3475"},{"taxonomy":"product_cat","embeddable":true,"href":"https:\/\/ecocleanautos.com\/index.php?rest_route=%2Fwp%2Fv2%2Fproduct_cat&post=3475"},{"taxonomy":"product_tag","embeddable":true,"href":"https:\/\/ecocleanautos.com\/index.php?rest_route=%2Fwp%2Fv2%2Fproduct_tag&post=3475"}],"curies":[{"name":"wp","href":"https:\/\/api.w.org\/{rel}","templated":true}]}}