{"id":3477,"date":"2025-02-11T19:36:39","date_gmt":"2025-02-11T19:36:39","guid":{"rendered":"https:\/\/ecocleanautos.com\/?post_type=product&#038;p=3477"},"modified":"2025-03-03T16:23:03","modified_gmt":"2025-03-03T16:23:03","slug":"ceramico-exterior","status":"publish","type":"product","link":"https:\/\/ecocleanautos.com\/?product=ceramico-exterior","title":{"rendered":"Cer\u00e1mico Exterior en Camioneta"},"content":{"rendered":"<p>Correcci\u00f3n de microrayones y aplicaci\u00f3n de 3 capas de cristal l\u00edquido sobre la pintura del carro.<br \/>\nGarant\u00eda de 3 a\u00f1os.<\/p>\n","protected":false},"excerpt":{"rendered":"<p>Correcci\u00f3n de microrayones y aplicaci\u00f3n de 3 capas de cristal l\u00edquido sobre la pintura del carro.<br \/>\nGarant\u00eda de 3 a\u00f1os.<\/p>\n","protected":false},"featured_media":3519,"comment_status":"open","ping_status":"closed","template":"","meta":[],"product_brand":[],"product_cat":[158,160],"product_tag":[],"class_list":{"0":"post-3477","1":"product","2":"type-product","3":"status-publish","4":"has-post-thumbnail","6":"product_cat-camioneta","7":"product_cat-premium","9":"first","10":"instock","11":"shipping-taxable","12":"purchasable","13":"product-type-simple"},"_links":{"self":[{"href":"https:\/\/ecocleanautos.com\/index.php?rest_route=\/wp\/v2\/product\/3477","targetHints":{"allow":["GET"]}}],"collection":[{"href":"https:\/\/ecocleanautos.com\/index.php?rest_route=\/wp\/v2\/product"}],"about":[{"href":"https:\/\/ecocleanautos.com\/index.php?rest_route=\/wp\/v2\/types\/product"}],"replies":[{"embeddable":true,"href":"https:\/\/ecocleanautos.com\/index.php?rest_route=%2Fwp%2Fv2%2Fcomments&post=3477"}],"wp:featuredmedia":[{"embeddable":true,"href":"https:\/\/ecocleanautos.com\/index.php?rest_route=\/wp\/v2\/media\/3519"}],"wp:attachment":[{"href":"https:\/\/ecocleanautos.com\/index.php?rest_route=%2Fwp%2Fv2%2Fmedia&parent=3477"}],"wp:term":[{"taxonomy":"product_brand","embeddable":true,"href":"https:\/\/ecocleanautos.com\/index.php?rest_route=%2Fwp%2Fv2%2Fproduct_brand&post=3477"},{"taxonomy":"product_cat","embeddable":true,"href":"https:\/\/ecocleanautos.com\/index.php?rest_route=%2Fwp%2Fv2%2Fproduct_cat&post=3477"},{"taxonomy":"product_tag","embeddable":true,"href":"https:\/\/ecocleanautos.com\/index.php?rest_route=%2Fwp%2Fv2%2Fproduct_tag&post=3477"}],"curies":[{"name":"wp","href":"https:\/\/api.w.org\/{rel}","templated":true}]}}