{"id":3483,"date":"2025-02-11T19:45:37","date_gmt":"2025-02-11T19:45:37","guid":{"rendered":"https:\/\/ecocleanautos.com\/?post_type=product&#038;p=3483"},"modified":"2025-03-03T16:21:51","modified_gmt":"2025-03-03T16:21:51","slug":"porcenalizada","status":"publish","type":"product","link":"https:\/\/ecocleanautos.com\/?product=porcenalizada","title":{"rendered":"Porcenalizada en Autom\u00f3vil"},"content":{"rendered":"<p>Protecci\u00f3n pintura con un sellado cer\u00e1mico que brinda brillo profundo.<\/p>\n","protected":false},"excerpt":{"rendered":"<p>Protecci\u00f3n pintura con un sellado cer\u00e1mico que brinda brillo profundo.<\/p>\n","protected":false},"featured_media":3524,"comment_status":"open","ping_status":"closed","template":"","meta":[],"product_brand":[],"product_cat":[159,160],"product_tag":[],"class_list":{"0":"post-3483","1":"product","2":"type-product","3":"status-publish","4":"has-post-thumbnail","6":"product_cat-automovil","7":"product_cat-premium","9":"first","10":"instock","11":"shipping-taxable","12":"purchasable","13":"product-type-simple"},"_links":{"self":[{"href":"https:\/\/ecocleanautos.com\/index.php?rest_route=\/wp\/v2\/product\/3483","targetHints":{"allow":["GET"]}}],"collection":[{"href":"https:\/\/ecocleanautos.com\/index.php?rest_route=\/wp\/v2\/product"}],"about":[{"href":"https:\/\/ecocleanautos.com\/index.php?rest_route=\/wp\/v2\/types\/product"}],"replies":[{"embeddable":true,"href":"https:\/\/ecocleanautos.com\/index.php?rest_route=%2Fwp%2Fv2%2Fcomments&post=3483"}],"wp:featuredmedia":[{"embeddable":true,"href":"https:\/\/ecocleanautos.com\/index.php?rest_route=\/wp\/v2\/media\/3524"}],"wp:attachment":[{"href":"https:\/\/ecocleanautos.com\/index.php?rest_route=%2Fwp%2Fv2%2Fmedia&parent=3483"}],"wp:term":[{"taxonomy":"product_brand","embeddable":true,"href":"https:\/\/ecocleanautos.com\/index.php?rest_route=%2Fwp%2Fv2%2Fproduct_brand&post=3483"},{"taxonomy":"product_cat","embeddable":true,"href":"https:\/\/ecocleanautos.com\/index.php?rest_route=%2Fwp%2Fv2%2Fproduct_cat&post=3483"},{"taxonomy":"product_tag","embeddable":true,"href":"https:\/\/ecocleanautos.com\/index.php?rest_route=%2Fwp%2Fv2%2Fproduct_tag&post=3483"}],"curies":[{"name":"wp","href":"https:\/\/api.w.org\/{rel}","templated":true}]}}